{"id":31745,"date":"2022-04-29T23:50:38","date_gmt":"2022-04-29T21:50:38","guid":{"rendered":"https:\/\/acao.it\/multimedia\/press-review\/"},"modified":"2022-11-02T13:45:47","modified_gmt":"2022-11-02T12:45:47","slug":"press-review","status":"publish","type":"page","link":"https:\/\/acao.it\/en\/multimedia\/press-review\/","title":{"rendered":"Press Review"},"content":{"rendered":"\n<div class=\"wp-block-query is-layout-flow wp-block-query-is-layout-flow\"><ul class=\"wp-block-post-template is-layout-flow wp-block-post-template-is-layout-flow\"><li class=\"wp-block-post post-129560 post type-post status-publish format-standard has-post-thumbnail hentry category-eventi category-rassegna-stampa\">\n\n<div class=\"wp-block-columns alignwide is-layout-flex wp-container-core-columns-is-layout-28f84493 wp-block-columns-is-layout-flex\">\n<div class=\"wp-block-column is-layout-flow wp-block-column-is-layout-flow\" style=\"flex-basis:40%\"><figure class=\"wp-block-post-featured-image\"><a href=\"https:\/\/acao.it\/en\/rassegna-stampa\/liala-i-suoi-romanzi-e-laviazione\/\" target=\"_self\"  ><img fetchpriority=\"high\" decoding=\"async\" width=\"200\" height=\"252\" src=\"https:\/\/acao.it\/wp-content\/uploads\/2025\/04\/liala_foto.jpg\" class=\"attachment-post-thumbnail size-post-thumbnail wp-post-image\" alt=\"Liala, i suoi romanzi e l&#8217;aviazione\" style=\"object-fit:cover;\" \/><\/a><\/figure><\/div>\n\n\n\n<div class=\"wp-block-column is-layout-flow wp-block-column-is-layout-flow\" style=\"flex-basis:60%\"><h2 class=\"wp-block-post-title\"><a href=\"https:\/\/acao.it\/en\/rassegna-stampa\/liala-i-suoi-romanzi-e-laviazione\/\" target=\"_self\" >Liala, i suoi romanzi e l&#8217;aviazione<\/a><\/h2>\n\n<div class=\"wp-block-post-excerpt\"><p class=\"wp-block-post-excerpt__excerpt\">Il giorno 16 maggio alle ore 18,30 presso ACAO Carla Tocchetti ricorder\u00e0 la scrittrice Liala, nel trentennale della sua scomparsa, in un racconto per immagini, con letture a cura di Rosa Gallace. La cornice dell&#8217;aeroporto sulle sponde del lago di Varese, risulta particolarmente suggestiva per questa presentazione: infatti Liala, pseudonimo di Amalia Liana Negretti Odescalchi&hellip; <\/p><\/div><\/div>\n<\/div>\n\n<\/li><li class=\"wp-block-post post-118318 post type-post status-publish format-standard has-post-thumbnail hentry category-eventi category-notizie category-rassegna-stampa tag-liceo-ferraris\">\n\n<div class=\"wp-block-columns alignwide is-layout-flex wp-container-core-columns-is-layout-28f84493 wp-block-columns-is-layout-flex\">\n<div class=\"wp-block-column is-layout-flow wp-block-column-is-layout-flow\" style=\"flex-basis:40%\"><figure class=\"wp-block-post-featured-image\"><a href=\"https:\/\/acao.it\/en\/notizie\/avvicinamento-al-volo-2025\/\" target=\"_self\"  ><img decoding=\"async\" width=\"702\" height=\"527\" src=\"https:\/\/acao.it\/wp-content\/uploads\/2024\/02\/traino24.jpg\" class=\"attachment-post-thumbnail size-post-thumbnail wp-post-image\" alt=\"Avvicinamento al volo per gli istituti superiori varesini &#8211; febbraio 2025\" style=\"object-fit:cover;\" srcset=\"https:\/\/acao.it\/wp-content\/uploads\/2024\/02\/traino24.jpg 702w, https:\/\/acao.it\/wp-content\/uploads\/2024\/02\/traino24-300x225.jpg 300w\" sizes=\"(max-width: 702px) 100vw, 702px\" \/><\/a><\/figure><\/div>\n\n\n\n<div class=\"wp-block-column is-layout-flow wp-block-column-is-layout-flow\" style=\"flex-basis:60%\"><h2 class=\"wp-block-post-title\"><a href=\"https:\/\/acao.it\/en\/notizie\/avvicinamento-al-volo-2025\/\" target=\"_self\" >Avvicinamento al volo per gli istituti superiori varesini &#8211; febbraio 2025<\/a><\/h2>\n\n<div class=\"wp-block-post-excerpt\"><p class=\"wp-block-post-excerpt__excerpt\">Al via per il secondo anno un progetto PCTO in collaborazione con l&#8217;Ufficio scolastico territoriale di Varese. L\u2019Aero Club Adele Orsi di Varese rilancia la Provincia del volo con un progetto lungimirante in sinergia con l\u2019Ufficio Scolastico Territoriale. Il percorso \u00e8 scattato sulla scia dell\u2019entusiasmo generato dall\u2019evento per celebrare i 100 anni dell\u2019Aeronautica Militare ed&hellip; <\/p><\/div><\/div>\n<\/div>\n\n<\/li><li class=\"wp-block-post post-66986 post type-post status-publish format-standard has-post-thumbnail hentry category-eventi category-notizie category-rassegna-stampa tag-liceo-ferraris\">\n\n<div class=\"wp-block-columns alignwide is-layout-flex wp-container-core-columns-is-layout-28f84493 wp-block-columns-is-layout-flex\">\n<div class=\"wp-block-column is-layout-flow wp-block-column-is-layout-flow\" style=\"flex-basis:40%\"><figure class=\"wp-block-post-featured-image\"><a href=\"https:\/\/acao.it\/en\/notizie\/avvicinamento-al-volo-per-il-liceo-ferraris-di-varese\/\" target=\"_self\"  ><img decoding=\"async\" width=\"702\" height=\"527\" src=\"https:\/\/acao.it\/wp-content\/uploads\/2024\/02\/traino24.jpg\" class=\"attachment-post-thumbnail size-post-thumbnail wp-post-image\" alt=\"Avvicinamento al volo per il Liceo Ferraris di Varese\" style=\"object-fit:cover;\" srcset=\"https:\/\/acao.it\/wp-content\/uploads\/2024\/02\/traino24.jpg 702w, https:\/\/acao.it\/wp-content\/uploads\/2024\/02\/traino24-300x225.jpg 300w\" sizes=\"(max-width: 702px) 100vw, 702px\" \/><\/a><\/figure><\/div>\n\n\n\n<div class=\"wp-block-column is-layout-flow wp-block-column-is-layout-flow\" style=\"flex-basis:60%\"><h2 class=\"wp-block-post-title\"><a href=\"https:\/\/acao.it\/en\/notizie\/avvicinamento-al-volo-per-il-liceo-ferraris-di-varese\/\" target=\"_self\" >Avvicinamento al volo per il Liceo Ferraris di Varese<\/a><\/h2>\n\n<div class=\"wp-block-post-excerpt\"><p class=\"wp-block-post-excerpt__excerpt\">Lunedi 5 febbraio, sul campo di volo di ACAO, inizia una settimana intensiva di avvicinamento al volo per un gruppo di studenti meritevoli del Liceo Ferraris di Varese. L&#8217;iniziativa, sostenuta e co-organizzata dall&#8217;Ufficio scolastico di Varese, si inserisce nell&#8217;ambito del PCTO scolastico. I 30 studenti avranno l&#8217;opportunit\u00e0 di studiare materie propedeutiche al volo, assistere al&hellip; <\/p><\/div><\/div>\n<\/div>\n\n<\/li><li class=\"wp-block-post post-27162 post type-post status-publish format-standard has-post-thumbnail hentry category-rassegna-stampa\">\n\n<div class=\"wp-block-columns alignwide is-layout-flex wp-container-core-columns-is-layout-28f84493 wp-block-columns-is-layout-flex\">\n<div class=\"wp-block-column is-layout-flow wp-block-column-is-layout-flow\" style=\"flex-basis:40%\"><figure class=\"wp-block-post-featured-image\"><a href=\"https:\/\/acao.it\/en\/rassegna-stampa\/prospettive-come-mettere-le-ali-alle-donne-e-agli-uomini\/\" target=\"_self\"  ><img loading=\"lazy\" decoding=\"async\" width=\"1222\" height=\"702\" src=\"https:\/\/acao.it\/wp-content\/uploads\/2022\/03\/varesemese_fp.png\" class=\"attachment-post-thumbnail size-post-thumbnail wp-post-image\" alt=\"Prospettive: come mettere le ali alle donne&#8230; E agli uomini!\" style=\"object-fit:cover;\" srcset=\"https:\/\/acao.it\/wp-content\/uploads\/2022\/03\/varesemese_fp.png 1222w, https:\/\/acao.it\/wp-content\/uploads\/2022\/03\/varesemese_fp-300x172.png 300w, https:\/\/acao.it\/wp-content\/uploads\/2022\/03\/varesemese_fp-1024x588.png 1024w, https:\/\/acao.it\/wp-content\/uploads\/2022\/03\/varesemese_fp-768x441.png 768w\" sizes=\"(max-width: 1222px) 100vw, 1222px\" \/><\/a><\/figure><\/div>\n\n\n\n<div class=\"wp-block-column is-layout-flow wp-block-column-is-layout-flow\" style=\"flex-basis:60%\"><h2 class=\"wp-block-post-title\"><a href=\"https:\/\/acao.it\/en\/rassegna-stampa\/prospettive-come-mettere-le-ali-alle-donne-e-agli-uomini\/\" target=\"_self\" >Prospettive: come mettere le ali alle donne&#8230; E agli uomini!<\/a><\/h2>\n\n<div class=\"wp-block-post-excerpt\"><p class=\"wp-block-post-excerpt__excerpt\">VareseMese, 3 giugno 2021 <\/p><\/div><\/div>\n<\/div>\n\n<\/li><li class=\"wp-block-post post-27166 post type-post status-publish format-standard has-post-thumbnail hentry category-rassegna-stampa\">\n\n<div class=\"wp-block-columns alignwide is-layout-flex wp-container-core-columns-is-layout-28f84493 wp-block-columns-is-layout-flex\">\n<div class=\"wp-block-column is-layout-flow wp-block-column-is-layout-flow\" style=\"flex-basis:40%\"><figure class=\"wp-block-post-featured-image\"><a href=\"https:\/\/acao.it\/en\/rassegna-stampa\/cose-il-volo-a-vela-e-perche-piu-donne-dovrebbero-provarlo\/\" target=\"_self\"  ><img loading=\"lazy\" decoding=\"async\" width=\"2048\" height=\"1097\" src=\"https:\/\/acao.it\/wp-content\/uploads\/2022\/03\/vanityfair.png\" class=\"attachment-post-thumbnail size-post-thumbnail wp-post-image\" alt=\"Cos&#8217;\u00e8 il volo a vela e perch\u00e9 pi\u00f9 donne dovrebbero provarlo\" style=\"object-fit:cover;\" srcset=\"https:\/\/acao.it\/wp-content\/uploads\/2022\/03\/vanityfair.png 2048w, https:\/\/acao.it\/wp-content\/uploads\/2022\/03\/vanityfair-300x161.png 300w, https:\/\/acao.it\/wp-content\/uploads\/2022\/03\/vanityfair-1024x549.png 1024w, https:\/\/acao.it\/wp-content\/uploads\/2022\/03\/vanityfair-768x411.png 768w, https:\/\/acao.it\/wp-content\/uploads\/2022\/03\/vanityfair-1536x823.png 1536w\" sizes=\"(max-width: 2048px) 100vw, 2048px\" \/><\/a><\/figure><\/div>\n\n\n\n<div class=\"wp-block-column is-layout-flow wp-block-column-is-layout-flow\" style=\"flex-basis:60%\"><h2 class=\"wp-block-post-title\"><a href=\"https:\/\/acao.it\/en\/rassegna-stampa\/cose-il-volo-a-vela-e-perche-piu-donne-dovrebbero-provarlo\/\" target=\"_self\" >Cos&#8217;\u00e8 il volo a vela e perch\u00e9 pi\u00f9 donne dovrebbero provarlo<\/a><\/h2>\n\n<div class=\"wp-block-post-excerpt\"><p class=\"wp-block-post-excerpt__excerpt\">Vanity Fair, 3 giugno 2021 <\/p><\/div><\/div>\n<\/div>\n\n<\/li><li class=\"wp-block-post post-27165 post type-post status-publish format-standard has-post-thumbnail hentry category-rassegna-stampa\">\n\n<div class=\"wp-block-columns alignwide is-layout-flex wp-container-core-columns-is-layout-28f84493 wp-block-columns-is-layout-flex\">\n<div class=\"wp-block-column is-layout-flow wp-block-column-is-layout-flow\" style=\"flex-basis:40%\"><figure class=\"wp-block-post-featured-image\"><a href=\"https:\/\/acao.it\/en\/rassegna-stampa\/what-is-gliding-and-why-more-woman-should-try-it\/\" target=\"_self\"  ><img loading=\"lazy\" decoding=\"async\" width=\"1925\" height=\"1085\" src=\"https:\/\/acao.it\/wp-content\/uploads\/2022\/03\/wsm.png\" class=\"attachment-post-thumbnail size-post-thumbnail wp-post-image\" alt=\"What is gliding and why more woman should try it\" style=\"object-fit:cover;\" srcset=\"https:\/\/acao.it\/wp-content\/uploads\/2022\/03\/wsm.png 1925w, https:\/\/acao.it\/wp-content\/uploads\/2022\/03\/wsm-300x169.png 300w, https:\/\/acao.it\/wp-content\/uploads\/2022\/03\/wsm-1024x577.png 1024w, https:\/\/acao.it\/wp-content\/uploads\/2022\/03\/wsm-768x433.png 768w, https:\/\/acao.it\/wp-content\/uploads\/2022\/03\/wsm-1536x866.png 1536w\" sizes=\"(max-width: 1925px) 100vw, 1925px\" \/><\/a><\/figure><\/div>\n\n\n\n<div class=\"wp-block-column is-layout-flow wp-block-column-is-layout-flow\" style=\"flex-basis:60%\"><h2 class=\"wp-block-post-title\"><a href=\"https:\/\/acao.it\/en\/rassegna-stampa\/what-is-gliding-and-why-more-woman-should-try-it\/\" target=\"_self\" >What is gliding and why more woman should try it<\/a><\/h2>\n\n<div class=\"wp-block-post-excerpt\"><p class=\"wp-block-post-excerpt__excerpt\">worldstockmarket.net, 3 giugno 2021 <\/p><\/div><\/div>\n<\/div>\n\n<\/li><\/ul><\/div>\n","protected":false},"excerpt":{"rendered":"","protected":false},"author":1,"featured_media":0,"parent":31702,"menu_order":0,"comment_status":"closed","ping_status":"closed","template":"","meta":{"_acf_changed":false,"_seopress_robots_primary_cat":"","_seopress_titles_title":"","_seopress_titles_desc":"","_seopress_robots_index":"","footnotes":""},"class_list":["post-31745","page","type-page","status-publish","hentry"],"acf":[],"_links":{"self":[{"href":"https:\/\/acao.it\/en\/wp-json\/wp\/v2\/pages\/31745","targetHints":{"allow":["GET"]}}],"collection":[{"href":"https:\/\/acao.it\/en\/wp-json\/wp\/v2\/pages"}],"about":[{"href":"https:\/\/acao.it\/en\/wp-json\/wp\/v2\/types\/page"}],"author":[{"embeddable":true,"href":"https:\/\/acao.it\/en\/wp-json\/wp\/v2\/users\/1"}],"replies":[{"embeddable":true,"href":"https:\/\/acao.it\/en\/wp-json\/wp\/v2\/comments?post=31745"}],"version-history":[{"count":0,"href":"https:\/\/acao.it\/en\/wp-json\/wp\/v2\/pages\/31745\/revisions"}],"up":[{"embeddable":true,"href":"https:\/\/acao.it\/en\/wp-json\/wp\/v2\/pages\/31702"}],"wp:attachment":[{"href":"https:\/\/acao.it\/en\/wp-json\/wp\/v2\/media?parent=31745"}],"curies":[{"name":"wp","href":"https:\/\/api.w.org\/{rel}","templated":true}]}}